{"id":35,"date":"2016-08-02T10:08:31","date_gmt":"2016-08-02T08:08:31","guid":{"rendered":"http:\/\/beta.carnevals-gesellschaft-hoppecke.de\/?page_id=35"},"modified":"2019-01-30T10:25:05","modified_gmt":"2019-01-30T09:25:05","slug":"der-fundus","status":"publish","type":"page","link":"http:\/\/carnevals-gesellschaft-hoppecke.de\/index.php\/ueber-uns\/der-fundus\/","title":{"rendered":"Der Fundus"},"content":{"rendered":"<p>Die CGH ist ein sparsamer Verein der sich nur selten von etwas trennen kann. Deshalb ist der \u201eFundus&#8220; das Lager f\u00fcr alles, was immer wieder ben\u00f6tigt wird &#8211; oder irgendwann noch einmal gebraucht werden k\u00f6nnte. Hier befindet sich z.B. das Dekomaterial, Lampen und Kabel, unsere \u201eB\u00fctt&#8220;, aber auch alles was zur Vereinsarbeit ben\u00f6tigt wird. Im Fundus werden auch die Kost\u00fcme aufbewahrt, die nat\u00fcrlich auf einer Karnevalsveranstaltung nicht fehlen d\u00fcrfen.<br \/>\nVerkleidet wurde und wird sich in Hoppecke immer viel und gerne.<\/p>\n<p>Durch den unerm\u00fcdlichen Einsatz unserer flei\u00dfigen Schneiderinnen mit etlichen Nachtschichten und den N\u00e4hmaschinen &#8222;direkt neben dem Weihnachtsbaum&#8220;, haben sich im Laufe der Jahre viele wundersch\u00f6ne Kost\u00fcme in unserem Kost\u00fcm-Lager angesammelt.<br \/>\nAn dieser Stelle ein ganz gro\u00dfes DANKE an die Meisterinnen von Nadel und Faden &#8211; ihr seid unbezahlbar f\u00fcr unseren Verein!<\/p>\n<p>Fragen zu Kost\u00fcmen und Zubeh\u00f6r? Eine <a href=\"mailto:fundus@carnevals-gesellschaft-hoppecke.de?subject=Kost%C3%BCmanfrage%20%C3%BCber%20www.carnevals-gesellschaft-hoppecke.de\">E-Mail<\/a> an unseren Funduswart gen\u00fcgt!<\/p>\n","protected":false},"excerpt":{"rendered":"<p>Die CGH ist ein sparsamer Verein der sich nur selten von etwas trennen kann. Deshalb ist der \u201eFundus&#8220; das Lager f\u00fcr alles, was immer wieder ben\u00f6tigt wird &#8211; oder irgendwann noch einmal gebraucht werden k\u00f6nnte. Hier befindet sich z.B. das Dekomaterial, Lampen und Kabel, unsere \u201eB\u00fctt&#8220;, aber auch alles was zur Vereinsarbeit ben\u00f6tigt wird. Im &hellip; <\/p>\n<p><a class=\"more-link btn\" href=\"http:\/\/carnevals-gesellschaft-hoppecke.de\/index.php\/ueber-uns\/der-fundus\/\">Weiterlesen<\/a><\/p>\n","protected":false},"author":1,"featured_media":0,"parent":29,"menu_order":0,"comment_status":"closed","ping_status":"closed","template":"","meta":[],"_links":{"self":[{"href":"http:\/\/carnevals-gesellschaft-hoppecke.de\/index.php\/wp-json\/wp\/v2\/pages\/35"}],"collection":[{"href":"http:\/\/carnevals-gesellschaft-hoppecke.de\/index.php\/wp-json\/wp\/v2\/pages"}],"about":[{"href":"http:\/\/carnevals-gesellschaft-hoppecke.de\/index.php\/wp-json\/wp\/v2\/types\/page"}],"author":[{"embeddable":true,"href":"http:\/\/carnevals-gesellschaft-hoppecke.de\/index.php\/wp-json\/wp\/v2\/users\/1"}],"replies":[{"embeddable":true,"href":"http:\/\/carnevals-gesellschaft-hoppecke.de\/index.php\/wp-json\/wp\/v2\/comments?post=35"}],"version-history":[{"count":13,"href":"http:\/\/carnevals-gesellschaft-hoppecke.de\/index.php\/wp-json\/wp\/v2\/pages\/35\/revisions"}],"predecessor-version":[{"id":19988,"href":"http:\/\/carnevals-gesellschaft-hoppecke.de\/index.php\/wp-json\/wp\/v2\/pages\/35\/revisions\/19988"}],"up":[{"embeddable":true,"href":"http:\/\/carnevals-gesellschaft-hoppecke.de\/index.php\/wp-json\/wp\/v2\/pages\/29"}],"wp:attachment":[{"href":"http:\/\/carnevals-gesellschaft-hoppecke.de\/index.php\/wp-json\/wp\/v2\/media?parent=35"}],"curies":[{"name":"wp","href":"https:\/\/api.w.org\/{rel}","templated":true}]}}