{"id":2,"date":"2016-08-01T21:38:14","date_gmt":"2016-08-01T19:38:14","guid":{"rendered":"http:\/\/beta.carnevals-gesellschaft-hoppecke.de\/?page_id=2"},"modified":"2026-01-20T08:29:04","modified_gmt":"2026-01-20T07:29:04","slug":"termine","status":"publish","type":"page","link":"https:\/\/carnevals-gesellschaft-hoppecke.de\/index.php\/termine\/","title":{"rendered":"Termine"},"content":{"rendered":"<table style=\"height: 193px;\" border=\"0\" width=\"527\" cellspacing=\"5\">\n<tbody>\n<tr>\n<td>B\u00fcttenfest Hoppecke<\/td>\n<td>10.01.26<\/td>\n<\/tr>\n<tr>\n<td>Kindertollit\u00e4tentreffen in Steinheim<\/td>\n<td>11.01.26<\/td>\n<\/tr>\n<tr>\n<td>Prinzen und Tollit\u00e4tentreffen in Greven<\/td>\n<td>18.01.26<\/td>\n<\/tr>\n<tr>\n<td>Galaabend in F\u00fcrstenberg<\/td>\n<td>24.01.26<\/td>\n<\/tr>\n<tr>\n<td>Prunksitzung in R\u00fcthen<\/td>\n<td>24.01.26<\/td>\n<\/tr>\n<tr>\n<td>Karneval in Petersborn-Gudenhagen<\/td>\n<td>06.02.26<\/td>\n<\/tr>\n<tr>\n<td>Prunksitzung in Erlinghausen<\/td>\n<td>31.01.26<\/td>\n<\/tr>\n<tr>\n<td>Karnevalssitzung in Assinghausen<\/td>\n<td>31.01.26<\/td>\n<\/tr>\n<tr>\n<td>32. Tanzturnier in Hoppecke<del><br \/>\n<\/del><\/td>\n<td>12.02.26<\/td>\n<\/tr>\n<tr>\n<td>Prunksitzung in Bruchhausen<del><br \/>\n<\/del><\/td>\n<td>14.02.26<\/td>\n<\/tr>\n<tr>\n<td>Karnevalssitzung in Bontkirchen<del><br \/>\n<\/del><\/td>\n<td>14.02.26<\/td>\n<\/tr>\n<tr>\n<td>B\u00fcttensitzung in Th\u00fclen<del><br \/>\n<\/del><\/td>\n<td>14.02.26<\/td>\n<\/tr>\n<tr>\n<td>Kinderkarneval in Hoppecke<del><br \/>\n<\/del><\/td>\n<td>15.02.26<\/td>\n<\/tr>\n<tr>\n<td>B\u00fcttensitzung in Messinghausen<del><br \/>\n<\/del><\/td>\n<td>15.02.26<\/td>\n<\/tr>\n<tr>\n<td>Rosenmontag in F\u00fcrstenberg<del><br \/>\n<\/del><\/td>\n<td>16.02.26<\/td>\n<\/tr>\n<tr>\n<td>Rosenmontag in Bruchhausen<del><br \/>\n<\/del><\/td>\n<td>16.02.26<\/td>\n<\/tr>\n<tr>\n<td>BWK-Kongress in Rheda-Wiedenbr\u00fcck<del><br \/>\n<\/del><\/td>\n<td>19.09.26<\/td>\n<\/tr>\n<tr>\n<td>Generalversammlung<del><br \/>\n<\/del><\/td>\n<td>24.10.26<\/td>\n<\/tr>\n<\/tbody>\n<\/table>\n","protected":false},"excerpt":{"rendered":"<p>B\u00fcttenfest Hoppecke 10.01.26 Kindertollit\u00e4tentreffen in Steinheim 11.01.26 Prinzen und Tollit\u00e4tentreffen in Greven 18.01.26 Galaabend in F\u00fcrstenberg 24.01.26 Prunksitzung in R\u00fcthen 24.01.26 Karneval in Petersborn-Gudenhagen 06.02.26 Prunksitzung in Erlinghausen 31.01.26 Karnevalssitzung in Assinghausen 31.01.26 32. Tanzturnier in Hoppecke 12.02.26 Prunksitzung in Bruchhausen 14.02.26 Karnevalssitzung in Bontkirchen 14.02.26 B\u00fcttensitzung in Th\u00fclen 14.02.26 Kinderkarneval in Hoppecke 15.02.26 B\u00fcttensitzung &hellip; <\/p>\n<p><a class=\"more-link btn\" href=\"https:\/\/carnevals-gesellschaft-hoppecke.de\/index.php\/termine\/\">Weiterlesen<\/a><\/p>\n","protected":false},"author":1,"featured_media":0,"parent":0,"menu_order":1,"comment_status":"closed","ping_status":"open","template":"","meta":[],"_links":{"self":[{"href":"https:\/\/carnevals-gesellschaft-hoppecke.de\/index.php\/wp-json\/wp\/v2\/pages\/2"}],"collection":[{"href":"https:\/\/carnevals-gesellschaft-hoppecke.de\/index.php\/wp-json\/wp\/v2\/pages"}],"about":[{"href":"https:\/\/carnevals-gesellschaft-hoppecke.de\/index.php\/wp-json\/wp\/v2\/types\/page"}],"author":[{"embeddable":true,"href":"https:\/\/carnevals-gesellschaft-hoppecke.de\/index.php\/wp-json\/wp\/v2\/users\/1"}],"replies":[{"embeddable":true,"href":"https:\/\/carnevals-gesellschaft-hoppecke.de\/index.php\/wp-json\/wp\/v2\/comments?post=2"}],"version-history":[{"count":55,"href":"https:\/\/carnevals-gesellschaft-hoppecke.de\/index.php\/wp-json\/wp\/v2\/pages\/2\/revisions"}],"predecessor-version":[{"id":24131,"href":"https:\/\/carnevals-gesellschaft-hoppecke.de\/index.php\/wp-json\/wp\/v2\/pages\/2\/revisions\/24131"}],"wp:attachment":[{"href":"https:\/\/carnevals-gesellschaft-hoppecke.de\/index.php\/wp-json\/wp\/v2\/media?parent=2"}],"curies":[{"name":"wp","href":"https:\/\/api.w.org\/{rel}","templated":true}]}}